{"id":308,"date":"2020-01-13T11:17:52","date_gmt":"2020-01-13T11:17:52","guid":{"rendered":"https:\/\/demosites.io\/web-agency-gb\/?page_id=5"},"modified":"2022-05-08T09:26:03","modified_gmt":"2022-05-08T09:26:03","slug":"15c42-web-agency-gb-home","status":"publish","type":"page","link":"https:\/\/heilpraktiker-dresden.care\/","title":{"rendered":"Home"},"content":{"rendered":"\n<div class=\"wp-block-cover alignfull is-light\" style=\"min-height:700px;aspect-ratio:unset;\"><span aria-hidden=\"true\" class=\"has-background-dim-0 wp-block-cover__gradient-background has-background-dim\"><\/span><img loading=\"lazy\" decoding=\"async\" width=\"2560\" height=\"1707\" class=\"wp-block-cover__image-background wp-image-492\" alt=\"\" src=\"https:\/\/heilpraktikerin-kernen.de\/wp-content\/uploads\/2022\/04\/BildHome-1-scaled.jpg\" style=\"object-position:55% 66%\" data-object-fit=\"cover\" data-object-position=\"55% 66%\" srcset=\"https:\/\/heilpraktiker-dresden.care\/wp-content\/uploads\/2022\/04\/BildHome-1-scaled.jpg 2560w, https:\/\/heilpraktiker-dresden.care\/wp-content\/uploads\/2022\/04\/BildHome-1-300x200.jpg 300w, https:\/\/heilpraktiker-dresden.care\/wp-content\/uploads\/2022\/04\/BildHome-1-1024x683.jpg 1024w, https:\/\/heilpraktiker-dresden.care\/wp-content\/uploads\/2022\/04\/BildHome-1-768x512.jpg 768w, https:\/\/heilpraktiker-dresden.care\/wp-content\/uploads\/2022\/04\/BildHome-1-1536x1024.jpg 1536w, https:\/\/heilpraktiker-dresden.care\/wp-content\/uploads\/2022\/04\/BildHome-1-2048x1365.jpg 2048w, https:\/\/heilpraktiker-dresden.care\/wp-content\/uploads\/2022\/04\/BildHome-1-930x620.jpg 930w\" sizes=\"auto, (max-width: 2560px) 100vw, 2560px\" \/><div class=\"wp-block-cover__inner-container is-layout-flow wp-block-cover-is-layout-flow\">\n<div style=\"height:80px\" aria-hidden=\"true\" class=\"wp-block-spacer\"><\/div>\n\n\n\n<h1 class=\"has-text-align-center has-nv-site-bg-color has-text-color wp-block-heading\"><strong>Herzlich willkommen in meiner Naturheilpraxis!<\/strong><\/h1>\n\n\n\n<div class=\"wp-block-tiles-marquee alignfull has-huge-font-size\"><div class=\"wp-block-tiles-marquee__inner\"><\/div><\/div>\n\n\n\n<div class=\"wp-block-buttons is-horizontal is-content-justification-center is-layout-flex wp-container-core-buttons-is-layout-499968f5 wp-block-buttons-is-layout-flex\"><\/div>\n\n\n\n<div style=\"height:88px\" aria-hidden=\"true\" class=\"wp-block-spacer\"><\/div>\n<\/div><\/div>\n\n\n\n<div style=\"height:35px\" aria-hidden=\"true\" class=\"wp-block-spacer\"><\/div>\n\n\n\n<div class=\"wp-block-columns is-layout-flex wp-container-core-columns-is-layout-9d6595d7 wp-block-columns-is-layout-flex\">\n<div class=\"wp-block-column is-layout-flow wp-block-column-is-layout-flow\">\n<h5 class=\"wp-block-heading\">Zuh\u00f6ren:<\/h5>\n\n\n\n<p>Mith\u00f6ren, anh\u00f6ren, hinh\u00f6ren, auf jemanden eingehen,&nbsp; jemanden ernst nehmen und Verst\u00e4ndnis haben \u2026<\/p>\n<\/div>\n\n\n\n<div class=\"wp-block-column is-layout-flow wp-block-column-is-layout-flow\">\n<h5 class=\"wp-block-heading\">Verstehen:<\/h5>\n\n\n\n<p>Beobachten, sich bewusst werden, dahinterkommen, sich einf\u00fchlen, sich hineindenken, mitempfinden \u2026<\/p>\n<\/div>\n\n\n\n<div class=\"wp-block-column is-layout-flow wp-block-column-is-layout-flow\">\n<h5 class=\"wp-block-heading\">Helfen:<\/h5>\n\n\n\n<p>Beistehen, aufmuntern, erleichtern, unterst\u00fctzen, f\u00f6rdern, mithelfen, zur Seite stehen \u2026<\/p>\n<\/div>\n<\/div>\n\n\n\n<div class=\"wp-block-columns is-layout-flex wp-container-core-columns-is-layout-9d6595d7 wp-block-columns-is-layout-flex\">\n<div class=\"wp-block-column is-layout-flow wp-block-column-is-layout-flow\">\n<figure class=\"wp-block-image size-full\"><img loading=\"lazy\" decoding=\"async\" width=\"364\" height=\"605\" src=\"https:\/\/heilpraktikerin-kernen.de\/wp-content\/uploads\/2022\/04\/Home1.jpg\" alt=\"\" class=\"wp-image-503\" srcset=\"https:\/\/heilpraktiker-dresden.care\/wp-content\/uploads\/2022\/04\/Home1.jpg 364w, https:\/\/heilpraktiker-dresden.care\/wp-content\/uploads\/2022\/04\/Home1-180x300.jpg 180w\" sizes=\"auto, (max-width: 364px) 100vw, 364px\" \/><\/figure>\n<\/div>\n\n\n\n<div class=\"wp-block-column is-layout-flow wp-block-column-is-layout-flow\">\n<figure class=\"wp-block-image size-full\"><img loading=\"lazy\" decoding=\"async\" width=\"364\" height=\"605\" src=\"https:\/\/heilpraktikerin-kernen.de\/wp-content\/uploads\/2022\/04\/Home2.jpg\" alt=\"\" class=\"wp-image-502\" srcset=\"https:\/\/heilpraktiker-dresden.care\/wp-content\/uploads\/2022\/04\/Home2.jpg 364w, https:\/\/heilpraktiker-dresden.care\/wp-content\/uploads\/2022\/04\/Home2-180x300.jpg 180w\" sizes=\"auto, (max-width: 364px) 100vw, 364px\" \/><\/figure>\n<\/div>\n\n\n\n<div class=\"wp-block-column is-layout-flow wp-block-column-is-layout-flow\">\n<figure class=\"wp-block-image size-full\"><img loading=\"lazy\" decoding=\"async\" width=\"364\" height=\"605\" src=\"https:\/\/heilpraktikerin-kernen.de\/wp-content\/uploads\/2022\/04\/Wartezimmer.jpg\" alt=\"\" class=\"wp-image-498\" srcset=\"https:\/\/heilpraktiker-dresden.care\/wp-content\/uploads\/2022\/04\/Wartezimmer.jpg 364w, https:\/\/heilpraktiker-dresden.care\/wp-content\/uploads\/2022\/04\/Wartezimmer-180x300.jpg 180w\" sizes=\"auto, (max-width: 364px) 100vw, 364px\" \/><\/figure>\n<\/div>\n<\/div>\n\n\n\n<div class=\"wp-block-columns is-layout-flex wp-container-core-columns-is-layout-9d6595d7 wp-block-columns-is-layout-flex\">\n<div class=\"wp-block-column is-layout-flow wp-block-column-is-layout-flow\">\n<p>Wir haben viele Synonyme f\u00fcr einzelne Begriffe. Wenn es uns gemeinsam gelingt, das Leben wieder lebenswerter zu machen, gesundheitliche Beschwerden anzupacken und damit unserem Leben mehr Qualit\u00e4t zu geben, sind wir einen gro\u00dfen Schritt miteinander gegangen.<\/p>\n<p>Ich freue mich, Sie pers\u00f6nlich kennenzulernen!<\/p>\n<\/div>\n<\/div>\n\n\n\n<p><\/p>\n","protected":false},"excerpt":{"rendered":"<p>Zuh\u00f6ren: Mith\u00f6ren, anh\u00f6ren, hinh\u00f6ren, auf jemanden eingehen,&nbsp; jemanden ernst nehmen und Verst\u00e4ndnis haben \u2026 Verstehen: Beobachten, sich bewusst werden, dahinterkommen, sich einf\u00fchlen, sich hineindenken, mitempfinden \u2026 Helfen: Beistehen, aufmuntern, erleichtern, unterst\u00fctzen, f\u00f6rdern, mithelfen, zur Seite stehen \u2026 Wir haben viele Synonyme f\u00fcr einzelne Begriffe. Wenn es uns gemeinsam gelingt, das Leben wieder lebenswerter zu machen,&hellip;&nbsp;<a href=\"https:\/\/heilpraktiker-dresden.care\/\" class=\"\" rel=\"bookmark\">Weiterlesen &raquo;<span class=\"screen-reader-text\">Home<\/span><\/a><\/p>\n","protected":false},"author":2,"featured_media":0,"parent":0,"menu_order":0,"comment_status":"closed","ping_status":"closed","template":"","meta":{"neve_meta_sidebar":"default","neve_meta_container":"default","neve_meta_enable_content_width":"on","neve_meta_content_width":100,"neve_meta_title_alignment":"","neve_meta_author_avatar":"","neve_post_elements_order":"","neve_meta_disable_header":"","neve_meta_disable_footer":"","neve_meta_disable_title":"on","_ti_tpc_template_sync":false,"_ti_tpc_template_id":"cwhkd9lki581rusuhjti","footnotes":""},"class_list":["post-308","page","type-page","status-publish","hentry"],"_links":{"self":[{"href":"https:\/\/heilpraktiker-dresden.care\/index.php?rest_route=\/wp\/v2\/pages\/308","targetHints":{"allow":["GET"]}}],"collection":[{"href":"https:\/\/heilpraktiker-dresden.care\/index.php?rest_route=\/wp\/v2\/pages"}],"about":[{"href":"https:\/\/heilpraktiker-dresden.care\/index.php?rest_route=\/wp\/v2\/types\/page"}],"author":[{"embeddable":true,"href":"https:\/\/heilpraktiker-dresden.care\/index.php?rest_route=\/wp\/v2\/users\/2"}],"replies":[{"embeddable":true,"href":"https:\/\/heilpraktiker-dresden.care\/index.php?rest_route=%2Fwp%2Fv2%2Fcomments&post=308"}],"version-history":[{"count":18,"href":"https:\/\/heilpraktiker-dresden.care\/index.php?rest_route=\/wp\/v2\/pages\/308\/revisions"}],"predecessor-version":[{"id":650,"href":"https:\/\/heilpraktiker-dresden.care\/index.php?rest_route=\/wp\/v2\/pages\/308\/revisions\/650"}],"wp:attachment":[{"href":"https:\/\/heilpraktiker-dresden.care\/index.php?rest_route=%2Fwp%2Fv2%2Fmedia&parent=308"}],"curies":[{"name":"wp","href":"https:\/\/api.w.org\/{rel}","templated":true}]}}