{"id":369,"date":"2022-04-13T16:58:22","date_gmt":"2022-04-13T16:58:22","guid":{"rendered":"https:\/\/heilpraktikerin-kernen.de\/?page_id=369"},"modified":"2022-05-04T13:52:19","modified_gmt":"2022-05-04T13:52:19","slug":"darmgesundheit-und-immuntherapie","status":"publish","type":"page","link":"https:\/\/heilpraktiker-dresden.care\/?page_id=369","title":{"rendered":"Darmgesundheit und Immuntherapie"},"content":{"rendered":"\n<div class=\"wp-block-columns is-layout-flex wp-container-core-columns-is-layout-9d6595d7 wp-block-columns-is-layout-flex\">\n<div class=\"wp-block-column is-layout-flow wp-block-column-is-layout-flow\">\n<p><strong>\u201e<em>Der gesunde Darm ist die Wurzel aller Gesundheit\u201c\u00a0\u00a0 Hippokrates 600 v.Chr.\u00a0\u00a0\u00a0\u00a0\u00a0\u00a0\u00a0\u00a0\u00a0\u00a0\u00a0\u00a0\u00a0\u00a0\u00a0\u00a0\u00a0\u00a0\u00a0\u00a0\u00a0\u00a0\u00a0\u00a0\u00a0\u00a0\u00a0\u00a0\u00a0\u00a0\u00a0\u00a0\u00a0\u00a0\u00a0 <\/em><\/strong><\/p>\n<p>Der Darm ist das gr\u00f6\u00dfte Organ des Menschen mit weit \u00fcber 200 m<sup>2<\/sup> Oberfl\u00e4che. Etwa 70 % der immunologisch aktiven Zellen sind im Darm lokalisiert. Mittlerweile wissen wir, dass das Mikrobiom im Darm in Verbindung mit anderen Organen steht.<\/p>\n<p>Als Beispiel sei hier die Darm-Hirn-Achse genannt, eine gest\u00f6rte Darmflora beeinflusst z. B. auch die Psyche eines Menschen.<\/p>\n<p>Anamnese und Laborbefunde werden zu einem individuellen Gesamtbild zusammengef\u00fcgt.<\/p>\n<p>Verschiedene Einfl\u00fcsse auf unser Immunsystem (Umwelt, Ern\u00e4hrung, Psyche, Stress, Schlaf u.v.m.) erfordern eine individuelle Immunmodulation. Als ausgebildete Immuntrainerin finden wir gemeinsam die f\u00fcr Sie passende Immuntherapie!<\/p>\n\n\n\n<div class=\"wp-block-columns is-layout-flex wp-container-core-columns-is-layout-9d6595d7 wp-block-columns-is-layout-flex\">\n<div class=\"wp-block-column is-layout-flow wp-block-column-is-layout-flow\">\n<figure class=\"wp-block-image size-full is-resized\"><img loading=\"lazy\" decoding=\"async\" src=\"https:\/\/heilpraktikerin-kernen.de\/wp-content\/uploads\/2022\/04\/dahn_immuntrainer_siegel.jpg\" alt=\"\" class=\"wp-image-489\" width=\"408\" height=\"326\" srcset=\"https:\/\/heilpraktiker-dresden.care\/wp-content\/uploads\/2022\/04\/dahn_immuntrainer_siegel.jpg 1000w, https:\/\/heilpraktiker-dresden.care\/wp-content\/uploads\/2022\/04\/dahn_immuntrainer_siegel-300x240.jpg 300w, https:\/\/heilpraktiker-dresden.care\/wp-content\/uploads\/2022\/04\/dahn_immuntrainer_siegel-768x614.jpg 768w\" sizes=\"auto, (max-width: 408px) 100vw, 408px\" \/><\/figure>\n<\/div>\n\n\n\n<div class=\"wp-block-column is-layout-flow wp-block-column-is-layout-flow\">\n<figure class=\"wp-block-image size-large is-resized\"><img loading=\"lazy\" decoding=\"async\" src=\"https:\/\/heilpraktikerin-kernen.de\/wp-content\/uploads\/2022\/05\/Darmtrainer-Siegel-Kopie-1024x913.png\" alt=\"\" class=\"wp-image-581\" width=\"362\" height=\"322\" srcset=\"https:\/\/heilpraktiker-dresden.care\/wp-content\/uploads\/2022\/05\/Darmtrainer-Siegel-Kopie-1024x913.png 1024w, https:\/\/heilpraktiker-dresden.care\/wp-content\/uploads\/2022\/05\/Darmtrainer-Siegel-Kopie-300x268.png 300w, https:\/\/heilpraktiker-dresden.care\/wp-content\/uploads\/2022\/05\/Darmtrainer-Siegel-Kopie-768x685.png 768w, https:\/\/heilpraktiker-dresden.care\/wp-content\/uploads\/2022\/05\/Darmtrainer-Siegel-Kopie.png 1435w\" sizes=\"auto, (max-width: 362px) 100vw, 362px\" \/><\/figure>\n<\/div>\n<\/div>\n<\/div>\n<\/div>\n","protected":false},"excerpt":{"rendered":"<p>\u201eDer gesunde Darm ist die Wurzel aller Gesundheit\u201c\u00a0\u00a0 Hippokrates 600 v.Chr.\u00a0\u00a0\u00a0\u00a0\u00a0\u00a0\u00a0\u00a0\u00a0\u00a0\u00a0\u00a0\u00a0\u00a0\u00a0\u00a0\u00a0\u00a0\u00a0\u00a0\u00a0\u00a0\u00a0\u00a0\u00a0\u00a0\u00a0\u00a0\u00a0\u00a0\u00a0\u00a0\u00a0\u00a0\u00a0 Der Darm ist das gr\u00f6\u00dfte Organ des Menschen mit weit \u00fcber 200 m2 Oberfl\u00e4che. Etwa 70 % der immunologisch aktiven Zellen sind im Darm lokalisiert. Mittlerweile wissen wir, dass das Mikrobiom im Darm in Verbindung mit anderen Organen steht. Als Beispiel sei hier die&hellip;&nbsp;<a href=\"https:\/\/heilpraktiker-dresden.care\/?page_id=369\" class=\"\" rel=\"bookmark\">Weiterlesen &raquo;<span class=\"screen-reader-text\">Darmgesundheit und Immuntherapie<\/span><\/a><\/p>\n","protected":false},"author":2,"featured_media":0,"parent":0,"menu_order":0,"comment_status":"closed","ping_status":"closed","template":"","meta":{"neve_meta_sidebar":"","neve_meta_container":"","neve_meta_enable_content_width":"","neve_meta_content_width":0,"neve_meta_title_alignment":"","neve_meta_author_avatar":"","neve_post_elements_order":"","neve_meta_disable_header":"","neve_meta_disable_footer":"","neve_meta_disable_title":"","_ti_tpc_template_sync":false,"_ti_tpc_template_id":"","footnotes":""},"class_list":["post-369","page","type-page","status-publish","hentry"],"_links":{"self":[{"href":"https:\/\/heilpraktiker-dresden.care\/index.php?rest_route=\/wp\/v2\/pages\/369","targetHints":{"allow":["GET"]}}],"collection":[{"href":"https:\/\/heilpraktiker-dresden.care\/index.php?rest_route=\/wp\/v2\/pages"}],"about":[{"href":"https:\/\/heilpraktiker-dresden.care\/index.php?rest_route=\/wp\/v2\/types\/page"}],"author":[{"embeddable":true,"href":"https:\/\/heilpraktiker-dresden.care\/index.php?rest_route=\/wp\/v2\/users\/2"}],"replies":[{"embeddable":true,"href":"https:\/\/heilpraktiker-dresden.care\/index.php?rest_route=%2Fwp%2Fv2%2Fcomments&post=369"}],"version-history":[{"count":5,"href":"https:\/\/heilpraktiker-dresden.care\/index.php?rest_route=\/wp\/v2\/pages\/369\/revisions"}],"predecessor-version":[{"id":582,"href":"https:\/\/heilpraktiker-dresden.care\/index.php?rest_route=\/wp\/v2\/pages\/369\/revisions\/582"}],"wp:attachment":[{"href":"https:\/\/heilpraktiker-dresden.care\/index.php?rest_route=%2Fwp%2Fv2%2Fmedia&parent=369"}],"curies":[{"name":"wp","href":"https:\/\/api.w.org\/{rel}","templated":true}]}}