{"id":371,"date":"2022-04-13T17:00:04","date_gmt":"2022-04-13T17:00:04","guid":{"rendered":"https:\/\/heilpraktikerin-kernen.de\/?page_id=371"},"modified":"2022-04-22T15:20:00","modified_gmt":"2022-04-22T15:20:00","slug":"mikronaehrstofftherapie","status":"publish","type":"page","link":"https:\/\/heilpraktiker-dresden.care\/?page_id=371","title":{"rendered":"Mikron\u00e4hrstofftherapie"},"content":{"rendered":"\n<div class=\"wp-block-columns is-layout-flex wp-container-core-columns-is-layout-9d6595d7 wp-block-columns-is-layout-flex\">\n<div class=\"wp-block-column is-layout-flow wp-block-column-is-layout-flow\" style=\"flex-basis:33.33%\">\n<figure class=\"wp-block-image size-large\"><img loading=\"lazy\" decoding=\"async\" width=\"1024\" height=\"683\" src=\"https:\/\/heilpraktikerin-kernen.de\/wp-content\/uploads\/2022\/04\/Bild-Mikronaehrstoffe-1024x683.jpg\" alt=\"\" class=\"wp-image-535\" srcset=\"https:\/\/heilpraktiker-dresden.care\/wp-content\/uploads\/2022\/04\/Bild-Mikronaehrstoffe-1024x683.jpg 1024w, https:\/\/heilpraktiker-dresden.care\/wp-content\/uploads\/2022\/04\/Bild-Mikronaehrstoffe-300x200.jpg 300w, https:\/\/heilpraktiker-dresden.care\/wp-content\/uploads\/2022\/04\/Bild-Mikronaehrstoffe-768x512.jpg 768w, https:\/\/heilpraktiker-dresden.care\/wp-content\/uploads\/2022\/04\/Bild-Mikronaehrstoffe-1536x1024.jpg 1536w, https:\/\/heilpraktiker-dresden.care\/wp-content\/uploads\/2022\/04\/Bild-Mikronaehrstoffe-2048x1365.jpg 2048w, https:\/\/heilpraktiker-dresden.care\/wp-content\/uploads\/2022\/04\/Bild-Mikronaehrstoffe-930x620.jpg 930w\" sizes=\"auto, (max-width: 1024px) 100vw, 1024px\" \/><\/figure>\n\n\n\n<figure class=\"wp-block-image size-full\"><img loading=\"lazy\" decoding=\"async\" width=\"458\" height=\"340\" src=\"https:\/\/heilpraktikerin-kernen.de\/wp-content\/uploads\/2022\/04\/Mikronaehrstoffe.jpg\" alt=\"\" class=\"wp-image-537\" srcset=\"https:\/\/heilpraktiker-dresden.care\/wp-content\/uploads\/2022\/04\/Mikronaehrstoffe.jpg 458w, https:\/\/heilpraktiker-dresden.care\/wp-content\/uploads\/2022\/04\/Mikronaehrstoffe-300x223.jpg 300w\" sizes=\"auto, (max-width: 458px) 100vw, 458px\" \/><\/figure>\n<\/div>\n\n\n\n<div class=\"wp-block-column is-layout-flow wp-block-column-is-layout-flow\" style=\"flex-basis:66.66%\">\n<p>\u201e<strong><em>Orthomolekulare Medizin dient der Erhaltung guter Gesundheit wie auch der Behandlung von Krankheiten, indem die Konzentrationen k\u00f6rpereigener, f\u00fcr die Gesundheit wichtiger Substanzen ver\u00e4ndert werden\u201c\u00a0\u00a0 Linus Pauling<\/em><\/strong><\/p>\n<p>Die Mikron\u00e4hrstofftherapie (Vitalstoffe, Orthomolekulare Medizin) dient der optimalen Versorgung Ihres K\u00f6rpers mit Mikron\u00e4hrstoffen. Dazu geh\u00f6ren Vitamine, Mineralstoffe, Spurenelemente, Fett- und Aminos\u00e4uren, Enzyme und Phytamine.<\/p>\n<p>F\u00fcr die Prophylaxe gelten die D-A-CH-Empfehlungen (Abk. f\u00fcr Deutschland, \u00d6sterreich, Schweiz), f\u00fcr eine Therapie werden Mikron\u00e4hrstoffe h\u00f6her dosiert.<\/p>\n<p>Mikron\u00e4hrstoffe ersetzen keine vollwertige Ern\u00e4hrung, sondern erg\u00e4nzen sie. Deshalb steht zu Beginn der Mikron\u00e4hrstofftherapie immer eine individuelle Ern\u00e4hrungstherapie.<\/p>\n<\/div>\n<\/div>\n","protected":false},"excerpt":{"rendered":"<p>\u201eOrthomolekulare Medizin dient der Erhaltung guter Gesundheit wie auch der Behandlung von Krankheiten, indem die Konzentrationen k\u00f6rpereigener, f\u00fcr die Gesundheit wichtiger Substanzen ver\u00e4ndert werden\u201c\u00a0\u00a0 Linus Pauling Die Mikron\u00e4hrstofftherapie (Vitalstoffe, Orthomolekulare Medizin) dient der optimalen Versorgung Ihres K\u00f6rpers mit Mikron\u00e4hrstoffen. Dazu geh\u00f6ren Vitamine, Mineralstoffe, Spurenelemente, Fett- und Aminos\u00e4uren, Enzyme und Phytamine. F\u00fcr die Prophylaxe gelten die&hellip;&nbsp;<a href=\"https:\/\/heilpraktiker-dresden.care\/?page_id=371\" class=\"\" rel=\"bookmark\">Weiterlesen &raquo;<span class=\"screen-reader-text\">Mikron\u00e4hrstofftherapie<\/span><\/a><\/p>\n","protected":false},"author":2,"featured_media":0,"parent":0,"menu_order":0,"comment_status":"closed","ping_status":"closed","template":"","meta":{"neve_meta_sidebar":"","neve_meta_container":"","neve_meta_enable_content_width":"","neve_meta_content_width":0,"neve_meta_title_alignment":"","neve_meta_author_avatar":"","neve_post_elements_order":"","neve_meta_disable_header":"","neve_meta_disable_footer":"","neve_meta_disable_title":"","_ti_tpc_template_sync":false,"_ti_tpc_template_id":"","footnotes":""},"class_list":["post-371","page","type-page","status-publish","hentry"],"_links":{"self":[{"href":"https:\/\/heilpraktiker-dresden.care\/index.php?rest_route=\/wp\/v2\/pages\/371","targetHints":{"allow":["GET"]}}],"collection":[{"href":"https:\/\/heilpraktiker-dresden.care\/index.php?rest_route=\/wp\/v2\/pages"}],"about":[{"href":"https:\/\/heilpraktiker-dresden.care\/index.php?rest_route=\/wp\/v2\/types\/page"}],"author":[{"embeddable":true,"href":"https:\/\/heilpraktiker-dresden.care\/index.php?rest_route=\/wp\/v2\/users\/2"}],"replies":[{"embeddable":true,"href":"https:\/\/heilpraktiker-dresden.care\/index.php?rest_route=%2Fwp%2Fv2%2Fcomments&post=371"}],"version-history":[{"count":2,"href":"https:\/\/heilpraktiker-dresden.care\/index.php?rest_route=\/wp\/v2\/pages\/371\/revisions"}],"predecessor-version":[{"id":538,"href":"https:\/\/heilpraktiker-dresden.care\/index.php?rest_route=\/wp\/v2\/pages\/371\/revisions\/538"}],"wp:attachment":[{"href":"https:\/\/heilpraktiker-dresden.care\/index.php?rest_route=%2Fwp%2Fv2%2Fmedia&parent=371"}],"curies":[{"name":"wp","href":"https:\/\/api.w.org\/{rel}","templated":true}]}}