{"id":382,"date":"2022-04-13T17:06:02","date_gmt":"2022-04-13T17:06:02","guid":{"rendered":"https:\/\/heilpraktikerin-kernen.de\/?page_id=382"},"modified":"2024-01-23T13:48:12","modified_gmt":"2024-01-23T13:48:12","slug":"termine","status":"publish","type":"page","link":"https:\/\/heilpraktiker-dresden.care\/?page_id=382","title":{"rendered":"Termine"},"content":{"rendered":"\n<div class=\"wp-block-columns is-layout-flex wp-container-core-columns-is-layout-9d6595d7 wp-block-columns-is-layout-flex\">\n<div class=\"wp-block-column is-layout-flow wp-block-column-is-layout-flow\">\n<p><strong><u>Termine und Anmeldung<\/u><\/strong><\/p>\n<p>Termine k\u00f6nnen Sie <a href=\"https:\/\/heilpraktikerin-kernen.de\/?page_id=75\">telefonisch oder per Mail vereinbaren<\/a>.<\/p>\n<p>Tel.-Nummer: 0351-82611455<\/p>\n<p>mail: &#72;&#x50;&#x2d;W&#105;&#x6c;i&#116;&#x7a;k&#105;&#x40;g&#109;&#x78;&#x2e;&#100;&#x65;<\/p>\n<p>Sollte ich in Behandlung sein, hinterlassen Sie mir bitte eine Nachricht auf dem Anrufbeantworter. Ich werde Sie schnellstm\u00f6glich zur\u00fcckrufen.<\/p>\n<p>Der 1. Termin ist immer eine ausf\u00fchrliche Anamnese, f\u00fcr welche Sie bitte ca. 1 Std. einplanen sollten.<\/p>\n<p>Bitte bringen Sie am 1. Termin alle Unterlagen, welche Sie zu Hause haben, mit, wie \u00e4rztliche Befunde, Blutbild, Medikamentenplan etc. Vergessen Sie bitte nicht, auch an andere Pr\u00e4parate (z.B. Nahrungserg\u00e4nzungsmittel) zu denken, sofern Sie diese einnehmen.<\/p>\n<p><strong><u>Absage von Terminen<\/u><\/strong><\/p>\n<p>Sollten Sie an einem fest vereinbarten Termin verhindert sein, bitte ich Sie, diesen umgehend, jedoch mindestens <strong>24 Stunden<\/strong> vorher telefonisch oder schriftlich abzusagen, damit Ihnen keine Kosten entstehen. Bitte haben Sie Verst\u00e4ndnis, dass ich mir ansonsten vorbehalten muss, die Kosten in Rechnung zu stellen.\u00a0<\/p>\n<\/div>\n\n\n\n<div class=\"wp-block-column is-layout-flow wp-block-column-is-layout-flow\">\n<figure class=\"wp-block-image size-full\"><img loading=\"lazy\" decoding=\"async\" width=\"510\" height=\"340\" src=\"https:\/\/heilpraktikerin-kernen.de\/wp-content\/uploads\/2022\/04\/Termin.jpg\" alt=\"\" class=\"wp-image-495\" srcset=\"https:\/\/heilpraktiker-dresden.care\/wp-content\/uploads\/2022\/04\/Termin.jpg 510w, https:\/\/heilpraktiker-dresden.care\/wp-content\/uploads\/2022\/04\/Termin-300x200.jpg 300w\" sizes=\"auto, (max-width: 510px) 100vw, 510px\" \/><\/figure>\n<\/div>\n<\/div>\n","protected":false},"excerpt":{"rendered":"<p>Termine und Anmeldung Termine k\u00f6nnen Sie telefonisch oder per Mail vereinbaren. Tel.-Nummer: 0351-82611455 mail: &#72;&#x50;-&#87;&#x69;l&#105;&#x74;z&#107;&#x69;&#64;&#103;&#x6d;x&#46;&#x64;e Sollte ich in Behandlung sein, hinterlassen Sie mir bitte eine Nachricht auf dem Anrufbeantworter. Ich werde Sie schnellstm\u00f6glich zur\u00fcckrufen. Der 1. Termin ist immer eine ausf\u00fchrliche Anamnese, f\u00fcr welche Sie bitte ca. 1 Std. einplanen sollten. Bitte bringen Sie am&hellip;&nbsp;<a href=\"https:\/\/heilpraktiker-dresden.care\/?page_id=382\" class=\"\" rel=\"bookmark\">Weiterlesen &raquo;<span class=\"screen-reader-text\">Termine<\/span><\/a><\/p>\n","protected":false},"author":2,"featured_media":0,"parent":0,"menu_order":0,"comment_status":"closed","ping_status":"closed","template":"","meta":{"neve_meta_sidebar":"","neve_meta_container":"","neve_meta_enable_content_width":"","neve_meta_content_width":0,"neve_meta_title_alignment":"","neve_meta_author_avatar":"","neve_post_elements_order":"","neve_meta_disable_header":"","neve_meta_disable_footer":"","neve_meta_disable_title":"","_ti_tpc_template_sync":false,"_ti_tpc_template_id":"","footnotes":""},"class_list":["post-382","page","type-page","status-publish","hentry"],"_links":{"self":[{"href":"https:\/\/heilpraktiker-dresden.care\/index.php?rest_route=\/wp\/v2\/pages\/382","targetHints":{"allow":["GET"]}}],"collection":[{"href":"https:\/\/heilpraktiker-dresden.care\/index.php?rest_route=\/wp\/v2\/pages"}],"about":[{"href":"https:\/\/heilpraktiker-dresden.care\/index.php?rest_route=\/wp\/v2\/types\/page"}],"author":[{"embeddable":true,"href":"https:\/\/heilpraktiker-dresden.care\/index.php?rest_route=\/wp\/v2\/users\/2"}],"replies":[{"embeddable":true,"href":"https:\/\/heilpraktiker-dresden.care\/index.php?rest_route=%2Fwp%2Fv2%2Fcomments&post=382"}],"version-history":[{"count":9,"href":"https:\/\/heilpraktiker-dresden.care\/index.php?rest_route=\/wp\/v2\/pages\/382\/revisions"}],"predecessor-version":[{"id":637,"href":"https:\/\/heilpraktiker-dresden.care\/index.php?rest_route=\/wp\/v2\/pages\/382\/revisions\/637"}],"wp:attachment":[{"href":"https:\/\/heilpraktiker-dresden.care\/index.php?rest_route=%2Fwp%2Fv2%2Fmedia&parent=382"}],"curies":[{"name":"wp","href":"https:\/\/api.w.org\/{rel}","templated":true}]}}