{"id":384,"date":"2022-04-13T17:07:17","date_gmt":"2022-04-13T17:07:17","guid":{"rendered":"https:\/\/heilpraktikerin-kernen.de\/?page_id=384"},"modified":"2024-08-22T09:16:49","modified_gmt":"2024-08-22T09:16:49","slug":"kosten","status":"publish","type":"page","link":"https:\/\/heilpraktiker-dresden.care\/?page_id=384","title":{"rendered":"Kosten"},"content":{"rendered":"\n<div class=\"wp-block-columns is-layout-flex wp-container-core-columns-is-layout-9d6595d7 wp-block-columns-is-layout-flex\">\n<div class=\"wp-block-column is-layout-flow wp-block-column-is-layout-flow\">\n<p><strong>F\u00fcr gesetzlich Krankenversicherte ohne Zusatzversicherung (Tarif Selbstzahler)<\/strong><\/p>\n<p>Der erste Termin in meiner Praxis dauert ca. 1 Std. Ich m\u00f6chte mir in der Erstanamnese Zeit f\u00fcr Ihre Beschwerden und Krankheitsgeschichte nehmen, Ihre Pers\u00f6nlichkeit und Lebensumst\u00e4nde n\u00e4her kennenlernen, damit wir gemeinsam die f\u00fcr Sie passende Therapie finden.<\/p>\n<p>Kosten: je 1\/2 Stunde \u20ac 40,00.<\/p>\n<p>F\u00fcr Selbstzahler gibt es Belege zur Vorlage beim zust\u00e4ndigen Finanzamt.<\/p>\n<p><strong>F\u00fcr Privat- oder Beihilfeversicherte<\/strong><\/p>\n<p>Die Behandlungskosten werden entsprechend den vereinbarten Tarifen von den jeweiligen Krankenversicherungen erstattet. Bitte informieren Sie sich vor einer Behandlung bei Ihrer Versicherung oder Beihilfestelle. \u00dcbernehmen diese nur einen Teil der Behandlungskosten, muss der restliche Betrag von Ihnen privat entrichtet werden. Sie erhalten daf\u00fcr eine Rechnung mit den Abrechnungskennziffern, welche im Erstattungsverfahren bei der PKV oder Beilhilfe verwendet werden kann.<\/p>\n<p>Die Bezahlung erfolgt nach jedem Behandlungstermin in bar gegen Quittung. Kartenzahlung ist nicht m\u00f6glich.<\/p>\n<p>\u00a0<\/p>\n<\/div>\n<\/div>\n","protected":false},"excerpt":{"rendered":"<p>F\u00fcr gesetzlich Krankenversicherte ohne Zusatzversicherung (Tarif Selbstzahler) Der erste Termin in meiner Praxis dauert ca. 1 Std. Ich m\u00f6chte mir in der Erstanamnese Zeit f\u00fcr Ihre Beschwerden und Krankheitsgeschichte nehmen, Ihre Pers\u00f6nlichkeit und Lebensumst\u00e4nde n\u00e4her kennenlernen, damit wir gemeinsam die f\u00fcr Sie passende Therapie finden. Kosten: je 1\/2 Stunde \u20ac 40,00. F\u00fcr Selbstzahler gibt es&hellip;&nbsp;<a href=\"https:\/\/heilpraktiker-dresden.care\/?page_id=384\" class=\"\" rel=\"bookmark\">Weiterlesen &raquo;<span class=\"screen-reader-text\">Kosten<\/span><\/a><\/p>\n","protected":false},"author":2,"featured_media":0,"parent":0,"menu_order":0,"comment_status":"closed","ping_status":"closed","template":"","meta":{"neve_meta_sidebar":"","neve_meta_container":"","neve_meta_enable_content_width":"","neve_meta_content_width":0,"neve_meta_title_alignment":"","neve_meta_author_avatar":"","neve_post_elements_order":"","neve_meta_disable_header":"","neve_meta_disable_footer":"","neve_meta_disable_title":"","_ti_tpc_template_sync":false,"_ti_tpc_template_id":"","footnotes":""},"class_list":["post-384","page","type-page","status-publish","hentry"],"_links":{"self":[{"href":"https:\/\/heilpraktiker-dresden.care\/index.php?rest_route=\/wp\/v2\/pages\/384","targetHints":{"allow":["GET"]}}],"collection":[{"href":"https:\/\/heilpraktiker-dresden.care\/index.php?rest_route=\/wp\/v2\/pages"}],"about":[{"href":"https:\/\/heilpraktiker-dresden.care\/index.php?rest_route=\/wp\/v2\/types\/page"}],"author":[{"embeddable":true,"href":"https:\/\/heilpraktiker-dresden.care\/index.php?rest_route=\/wp\/v2\/users\/2"}],"replies":[{"embeddable":true,"href":"https:\/\/heilpraktiker-dresden.care\/index.php?rest_route=%2Fwp%2Fv2%2Fcomments&post=384"}],"version-history":[{"count":5,"href":"https:\/\/heilpraktiker-dresden.care\/index.php?rest_route=\/wp\/v2\/pages\/384\/revisions"}],"predecessor-version":[{"id":691,"href":"https:\/\/heilpraktiker-dresden.care\/index.php?rest_route=\/wp\/v2\/pages\/384\/revisions\/691"}],"wp:attachment":[{"href":"https:\/\/heilpraktiker-dresden.care\/index.php?rest_route=%2Fwp%2Fv2%2Fmedia&parent=384"}],"curies":[{"name":"wp","href":"https:\/\/api.w.org\/{rel}","templated":true}]}}