{"id":458,"date":"2022-04-20T10:31:10","date_gmt":"2022-04-20T10:31:10","guid":{"rendered":"https:\/\/heilpraktikerin-kernen.de\/?page_id=458"},"modified":"2022-04-25T14:57:05","modified_gmt":"2022-04-25T14:57:05","slug":"gemmotherapie","status":"publish","type":"page","link":"https:\/\/heilpraktiker-dresden.care\/?page_id=458","title":{"rendered":"Gemmotherapie"},"content":{"rendered":"\n<div class=\"wp-block-columns is-layout-flex wp-container-core-columns-is-layout-9d6595d7 wp-block-columns-is-layout-flex\">\n<div class=\"wp-block-column is-layout-flow wp-block-column-is-layout-flow\" style=\"flex-basis:66.66%\">\n<p>Der Begriff\u00a0 Gemmo ist abgeleitet von dem lateinischen Wort \u201egemma\u201c,\u00a0 welches Knospe bedeutet. Ein Gemmoextrakt ist ein hochkonzentrierter Spezialextrakt aus den Pflanzenknospen. Er wird auch \u201epflanzliche Stammzellentherapie\u201c genannt und enth\u00e4lt die Urinformation der Pflanze.<\/p>\n<p>Bereits vor mehr als 2000 Jahren wurden durch chinesische und ayurvedische Quellen die Wirkung von Knospen beschrieben.\u00a0 Hildegard von Bingen nutzte auch diese Wirkung. Neuzeitlich, in der zweiten H\u00e4lfte des 20. Jahrhunderts, wurde die Gemmotherapie durch den belgischen Arzt Dr. Pol Henry zusammen mit dem franz\u00f6sischen\u00a0 Hom\u00f6opathen Dr. Max Tetau und anderen Therapeuten entwickelt und seit 2011 im Europ\u00e4ischen Arzneibuch gef\u00fchrt, wo sie den hom\u00f6opatischen Arzneimitteln zugeordnet ist.<\/p>\n<p>Gemmoextrakte helfen dem K\u00f6rper zur Selbstheilung, unterst\u00fctzen Abwehr und Regeneration, arbeiten mit an der Entgiftung und unterst\u00fctzen einzelne Organe. Sie wirken schnell und effektiv und k\u00f6nnen kombiniert werden.<\/p>\n<p>Gemmoextrakte wirken auf der Zellebene, auf die Organe und haben eine psychische Wirkung. Sie k\u00f6nnen bei Erwachsenen aber auch bei Kindern angewandt werden.<\/p>\n<\/div>\n\n\n\n<div class=\"wp-block-column is-layout-flow wp-block-column-is-layout-flow\" style=\"flex-basis:33.33%\">\n<figure class=\"wp-block-image size-full is-resized\"><img loading=\"lazy\" decoding=\"async\" src=\"https:\/\/heilpraktikerin-kernen.de\/wp-content\/uploads\/2022\/04\/Knospe1.webp\" alt=\"\" class=\"wp-image-551\" width=\"262\" height=\"174\" srcset=\"https:\/\/heilpraktiker-dresden.care\/wp-content\/uploads\/2022\/04\/Knospe1.webp 510w, https:\/\/heilpraktiker-dresden.care\/wp-content\/uploads\/2022\/04\/Knospe1-300x200.webp 300w\" sizes=\"auto, (max-width: 262px) 100vw, 262px\" \/><\/figure>\n\n\n\n<figure class=\"wp-block-image size-full\"><img loading=\"lazy\" decoding=\"async\" width=\"510\" height=\"340\" src=\"https:\/\/heilpraktikerin-kernen.de\/wp-content\/uploads\/2022\/04\/Knospe2.jpg\" alt=\"\" class=\"wp-image-552\" srcset=\"https:\/\/heilpraktiker-dresden.care\/wp-content\/uploads\/2022\/04\/Knospe2.jpg 510w, https:\/\/heilpraktiker-dresden.care\/wp-content\/uploads\/2022\/04\/Knospe2-300x200.jpg 300w\" sizes=\"auto, (max-width: 510px) 100vw, 510px\" \/><\/figure>\n<\/div>\n<\/div>\n\n\n\n<p><\/p>\n","protected":false},"excerpt":{"rendered":"<p>Der Begriff\u00a0 Gemmo ist abgeleitet von dem lateinischen Wort \u201egemma\u201c,\u00a0 welches Knospe bedeutet. Ein Gemmoextrakt ist ein hochkonzentrierter Spezialextrakt aus den Pflanzenknospen. Er wird auch \u201epflanzliche Stammzellentherapie\u201c genannt und enth\u00e4lt die Urinformation der Pflanze. Bereits vor mehr als 2000 Jahren wurden durch chinesische und ayurvedische Quellen die Wirkung von Knospen beschrieben.\u00a0 Hildegard von Bingen nutzte&hellip;&nbsp;<a href=\"https:\/\/heilpraktiker-dresden.care\/?page_id=458\" class=\"\" rel=\"bookmark\">Weiterlesen &raquo;<span class=\"screen-reader-text\">Gemmotherapie<\/span><\/a><\/p>\n","protected":false},"author":2,"featured_media":0,"parent":0,"menu_order":0,"comment_status":"closed","ping_status":"closed","template":"","meta":{"neve_meta_sidebar":"","neve_meta_container":"","neve_meta_enable_content_width":"","neve_meta_content_width":0,"neve_meta_title_alignment":"","neve_meta_author_avatar":"","neve_post_elements_order":"","neve_meta_disable_header":"","neve_meta_disable_footer":"","neve_meta_disable_title":"","_ti_tpc_template_sync":false,"_ti_tpc_template_id":"","footnotes":""},"class_list":["post-458","page","type-page","status-publish","hentry"],"_links":{"self":[{"href":"https:\/\/heilpraktiker-dresden.care\/index.php?rest_route=\/wp\/v2\/pages\/458","targetHints":{"allow":["GET"]}}],"collection":[{"href":"https:\/\/heilpraktiker-dresden.care\/index.php?rest_route=\/wp\/v2\/pages"}],"about":[{"href":"https:\/\/heilpraktiker-dresden.care\/index.php?rest_route=\/wp\/v2\/types\/page"}],"author":[{"embeddable":true,"href":"https:\/\/heilpraktiker-dresden.care\/index.php?rest_route=\/wp\/v2\/users\/2"}],"replies":[{"embeddable":true,"href":"https:\/\/heilpraktiker-dresden.care\/index.php?rest_route=%2Fwp%2Fv2%2Fcomments&post=458"}],"version-history":[{"count":3,"href":"https:\/\/heilpraktiker-dresden.care\/index.php?rest_route=\/wp\/v2\/pages\/458\/revisions"}],"predecessor-version":[{"id":553,"href":"https:\/\/heilpraktiker-dresden.care\/index.php?rest_route=\/wp\/v2\/pages\/458\/revisions\/553"}],"wp:attachment":[{"href":"https:\/\/heilpraktiker-dresden.care\/index.php?rest_route=%2Fwp%2Fv2%2Fmedia&parent=458"}],"curies":[{"name":"wp","href":"https:\/\/api.w.org\/{rel}","templated":true}]}}