{"id":520,"date":"2022-04-22T14:47:09","date_gmt":"2022-04-22T14:47:09","guid":{"rendered":"https:\/\/heilpraktikerin-kernen.de\/?page_id=520"},"modified":"2025-08-06T16:11:16","modified_gmt":"2025-08-06T16:11:16","slug":"impressum","status":"publish","type":"page","link":"https:\/\/heilpraktiker-dresden.care\/?page_id=520","title":{"rendered":"Impressum"},"content":{"rendered":"<p>Naturheilpraxis Heilpraktikerin Susann Wilitzki<br \/>\nWiesbadener Str. 55\u00a0\u00a0\u00a0\u00a0\u00a0 01159 Dresden<\/p>\n<p>Telefon: +49-351-82611455<br data-rich-text-line-break=\"true\" \/><br data-rich-text-line-break=\"true\" \/>E-Mail: &#x48;&#80;&#45;&#x57;&#x69;&#108;&#105;&#x74;&#x7a;&#107;&#105;&#x40;&#x67;&#109;&#120;&#x2e;&#x64;&#101;<br \/>\nInternet: https:\/\/heilpraktiker-dresden.care<\/p>\n<p><br data-rich-text-line-break=\"true\" \/>Wirtschafts-Identifikationsnummer: DE408795932<\/p>\n<p><br data-rich-text-line-break=\"true\" \/>Inhaltlich Verantwortlicher gem\u00e4\u00df \u00a7 55 RStV: Susann Wilitzki<\/p>\n<p><strong>Fotonachweis:<\/strong><br \/>\nIStock, Pixbay<br data-rich-text-line-break=\"true\" \/><br data-rich-text-line-break=\"true\" \/>Unser Angebot enth\u00e4lt Links zu externen Webseiten Dritter, auf deren Inhalte wir keinen Einfluss haben. Deshalb k\u00f6nnen wir f\u00fcr diese fremden Inhalte auch keine Gew\u00e4hr \u00fcbernehmen. F\u00fcr die Inhalte der verlinkten Seiten ist stets der jeweilige Anbieter oder Betreiber der Seiten verantwortlich. Die verlinkten Seiten wurden zum Zeitpunkt der Verlinkung auf m\u00f6gliche Rechtsverst\u00f6\u00dfe \u00fcberpr\u00fcft. Rechtswidrige Inhalte waren zum Zeitpunkt der Verlinkung nicht erkennbar. Eine permanente inhaltliche Kontrolle der verlinkten Seiten ist jedoch ohne konkrete Anhaltspunkte einer Rechtsverletzung nicht zumutbar. Bei Bekanntwerden von Rechtsverletzungen werden wir derartige Links umgehend entfernen.<strong data-rich-text-format-boundary=\"true\"><br data-rich-text-line-break=\"true\" \/><br data-rich-text-line-break=\"true\" \/>Datenschutz<br \/>\n<\/strong>Wir nehmen den Schutz Ihrer pers\u00f6nlichen Daten und die Einhaltung des deutschen Datenschutzrechts ernst. Eine umfassende Erkl\u00e4rung zu dieser Einstellung finden Sie auf der\u00a0separaten Seite Datenschutz.<\/p>\n","protected":false},"excerpt":{"rendered":"<p>Naturheilpraxis Heilpraktikerin Susann Wilitzki Wiesbadener Str. 55\u00a0\u00a0\u00a0\u00a0\u00a0 01159 Dresden Telefon: +49-351-82611455E-Mail: HP-Wilit&#122;&#107;&#105;&#64;&#103;&#109;&#120;&#46;&#100;&#101; Internet: https:\/\/heilpraktiker-dresden.care Wirtschafts-Identifikationsnummer: DE408795932 Inhaltlich Verantwortlicher gem\u00e4\u00df \u00a7 55 RStV: Susann Wilitzki Fotonachweis: IStock, PixbayUnser Angebot enth\u00e4lt Links zu externen Webseiten Dritter, auf deren Inhalte wir keinen Einfluss haben. Deshalb k\u00f6nnen wir f\u00fcr diese fremden Inhalte auch keine Gew\u00e4hr \u00fcbernehmen. F\u00fcr die Inhalte&hellip;&nbsp;<a href=\"https:\/\/heilpraktiker-dresden.care\/?page_id=520\" class=\"\" rel=\"bookmark\">Weiterlesen &raquo;<span class=\"screen-reader-text\">Impressum<\/span><\/a><\/p>\n","protected":false},"author":2,"featured_media":0,"parent":0,"menu_order":0,"comment_status":"closed","ping_status":"closed","template":"","meta":{"neve_meta_sidebar":"","neve_meta_container":"","neve_meta_enable_content_width":"","neve_meta_content_width":0,"neve_meta_title_alignment":"","neve_meta_author_avatar":"","neve_post_elements_order":"","neve_meta_disable_header":"","neve_meta_disable_footer":"","neve_meta_disable_title":"","_ti_tpc_template_sync":false,"_ti_tpc_template_id":"","footnotes":""},"class_list":["post-520","page","type-page","status-publish","hentry"],"_links":{"self":[{"href":"https:\/\/heilpraktiker-dresden.care\/index.php?rest_route=\/wp\/v2\/pages\/520","targetHints":{"allow":["GET"]}}],"collection":[{"href":"https:\/\/heilpraktiker-dresden.care\/index.php?rest_route=\/wp\/v2\/pages"}],"about":[{"href":"https:\/\/heilpraktiker-dresden.care\/index.php?rest_route=\/wp\/v2\/types\/page"}],"author":[{"embeddable":true,"href":"https:\/\/heilpraktiker-dresden.care\/index.php?rest_route=\/wp\/v2\/users\/2"}],"replies":[{"embeddable":true,"href":"https:\/\/heilpraktiker-dresden.care\/index.php?rest_route=%2Fwp%2Fv2%2Fcomments&post=520"}],"version-history":[{"count":3,"href":"https:\/\/heilpraktiker-dresden.care\/index.php?rest_route=\/wp\/v2\/pages\/520\/revisions"}],"predecessor-version":[{"id":716,"href":"https:\/\/heilpraktiker-dresden.care\/index.php?rest_route=\/wp\/v2\/pages\/520\/revisions\/716"}],"wp:attachment":[{"href":"https:\/\/heilpraktiker-dresden.care\/index.php?rest_route=%2Fwp%2Fv2%2Fmedia&parent=520"}],"curies":[{"name":"wp","href":"https:\/\/api.w.org\/{rel}","templated":true}]}}