{"id":522,"date":"2022-04-22T14:49:24","date_gmt":"2022-04-22T14:49:24","guid":{"rendered":"https:\/\/heilpraktikerin-kernen.de\/?page_id=522"},"modified":"2024-01-23T13:56:47","modified_gmt":"2024-01-23T13:56:47","slug":"datenschutz","status":"publish","type":"page","link":"https:\/\/heilpraktiker-dresden.care\/?page_id=522","title":{"rendered":"Datenschutz"},"content":{"rendered":"<p class=\"\">Die Naturheilpraxis Susann Wilitzki verpflichtet sich zur Einhaltung der Datenschutz-Grundverordnung (EU-DSGVO) Bestimmungen.<\/p>\n<p><strong>1. Name und Kontaktdaten des f\u00fcr die Verarbeitung Verantwortlichen sowie des betrieblichen Datenschutzbeauftragten<\/strong><\/p>\n<div>Diese Datenschutz-Information gilt f\u00fcr die Datenverarbeitung durch:<\/div>\n<div><\/div>\n<div>\n<p>Naturheilpraxis Heilpraktikerin Susann Wilitzki<br \/>\nWiesbadener Str. 55\u00a0\u00a0 01159 Dresden<\/p>\n<p>Telefon: +49-351-82611455<br data-rich-text-line-break=\"true\" \/><br data-rich-text-line-break=\"true\" \/>E-Mail: &#72;&#x50;&#x2d;W&#105;&#x6c;i&#116;&#x7a;&#x6b;&#105;&#x40;&#x67;m&#120;&#x2e;d&#101;<br \/>\nInternet: https:\/\/heilpraktiker-dresden.care<\/p>\n<\/div>\n<div>\n<div><strong>2. Erhebung und Speicherung personenbezogener Daten sowie Art und Zweck von deren Verwendung<\/strong><\/div>\n<div><\/div>\n<div><\/div>\n<div>a) Beim Aufrufen und Besuch unserer Website https:\/\/heilpraktikerin-kernen.de und weiteren Subdomains werden durch den auf Ihrem Endger\u00e4t zum Einsatz kommenden Browser automatisch Informationen an den Webserver unserer Webseite gesendet. Diese Informationen werden tempor\u00e4r in einem sog. Server Logfile gespeichert.<\/div>\n<div>Folgende Informationen werden dabei ohne Ihr Zutun erfasst und bis zur L\u00f6schung gespeichert:<\/div>\n<div><\/div>\n<div><\/div>\n<div>\u2022 IP-Adresse des anfragenden Rechners,<\/div>\n<div>\u2022 Datum und Uhrzeit des Zugriffs,<\/div>\n<div>\u2022 Name und URL der abgerufenen Datei,<\/div>\n<div>\u2022 Website, von der aus der Zugriff erfolgt (Referrer-URL),<\/div>\n<div>\u2022 verwendeter Browser und ggf. das Betriebssystem Ihres Rechners sowie der Name Ihres Access-Providers.<\/div>\n<div>Die genannten Daten werden durch uns zu folgenden Zwecken verarbeitet:<\/div>\n<div>\u2022 Gew\u00e4hrleistung eines reibungslosen Verbindungsaufbaus der Website,<\/div>\n<div>\u2022 Gew\u00e4hrleistung einer komfortablen Nutzung unserer Website,<\/div>\n<div>\u2022 Auswertung der Systemsicherheit und -stabilit\u00e4t sowie<\/div>\n<div>\u2022 zu weiteren administrativen Zwecken.<\/div>\n<div>Die Rechtsgrundlage f\u00fcr die Datenverarbeitung ist Art. 6 Abs. 1 S. 1 lit. f DSGVO. Unser berechtigtes Interesse folgt aus oben aufgelisteten Zwecken zur Datenerhebung. In keinem Fall verwenden wir die erhobenen Daten zu dem Zweck, R\u00fcckschl\u00fcsse auf Ihre Person zu ziehen. Dar\u00fcber hinaus setzen wir beim Besuch unserer Webseite Cookies sowie Analysedienste ein. N\u00e4here Erl\u00e4uterungen dazu erhalten Sie unter den Punkten Cookies und Analysedienste dieser Datenschutzerkl\u00e4rung.<\/div>\n<div><\/div>\n<div><\/div>\n<div>b) Kontaktformular und E-Mail-Kontakt<\/div>\n<div>Bei Fragen jeglicher Art bieten wir Ihnen die M\u00f6glichkeit, mit uns \u00fcber ein auf der Webseite bereitgestelltes Formular Kontakt aufzunehmen. Nehmen Sie diese M\u00f6glichkeit wahr, so werden Ihre Angaben aus dem Formular inklusive der von Ihnen dort angegebenen Kontaktdaten an uns \u00fcbermittelt und gespeichert. Weitere<\/div>\n<div>Angaben k\u00f6nnen freiwillig get\u00e4tigt werden.<\/div>\n<div>Mit dem Absenden der Nachricht werden noch weitere Daten gespeichert. Dies sind folgende Punkte:<\/div>\n<div><\/div>\n<div><\/div>\n<div>(1) Die IP-Adresse des Nutzers<\/div>\n<div><\/div>\n<div><\/div>\n<div>(2) Datum und Uhrzeit der Absendung der Nachricht<\/div>\n<div>Die Datenverarbeitung zum Zwecke der Kontaktaufnahme mit uns erfolgt nach Art. 6 Abs. 1 S. 1 lit. a DSGVO auf Grundlage Ihrer freiwillig erteilten Einwilligung.<\/div>\n<div>F\u00fcr die Verarbeitung der Daten wird im Rahmen des Absendevorgangs Ihre Einwilligung eingeholt und auf diese Datenschutzerkl\u00e4rung verwiesen.<\/div>\n<div><\/div>\n<div>Alternativ ist eine Kontaktaufnahme \u00fcber die bereitgestellte E-Mail-Adresse m\u00f6glich. In diesem Fall werden die per E-Mail \u00fcbermittelten personenbezogenen Daten des Nutzers gespeichert. Hieraus ergibt sich auch das erforderliche berechtigte Interesse an der Verarbeitung der Daten. Es erfolgt in diesem Zusammenhang keine Weitergabe der Daten an Dritte. Die Daten werden ausschlie\u00dflich f\u00fcr die Verarbeitung der Konversation verwendet.<\/div>\n<div><\/div>\n<div><\/div>\n<div>Die personenbezogenen Daten wo uns per E-Mail bzw. Kontaktformulars \u00fcbersandt wurden, werden gel\u00f6scht, sobald diese f\u00fcr die Erreichung der von Ihnen gestellten Anfrage nicht mehr erforderlich sind. Sollten die Daten zur Erf\u00fcllung eines Vertrages oder zur Durchf\u00fchrung vorvertraglicher Ma\u00dfnahmen erforderlich sein, ist eine vorzeitige L\u00f6schung der Daten nur m\u00f6glich, soweit nicht vertragliche oder gesetzliche Verpflichtungen einer L\u00f6schung entgegenstehen. Beendet ist die Konversation dann, wenn sich aus den Umst\u00e4nden entnehmen l\u00e4sst, dass der betroffene Sachverhalt abschlie\u00dfend gekl\u00e4rt ist.<\/div>\n<div><\/div>\n<div><\/div>\n<div>Der Nutzer hat jederzeit die M\u00f6glichkeit, seine Einwilligung zur Verarbeitung der personenbezogenen Daten zu widerrufen. Nimmt der Nutzer per E-Mail Kontakt mit uns auf, so kann er der Speicherung seiner personenbezogenen Daten jederzeit widersprechen. In einem solchen Fall kann die Konversation nicht fortgef\u00fchrt werden.<\/div>\n<div><\/div>\n<div>c) Bei Anmeldung f\u00fcr unseren Newsletter<\/div>\n<div>Auf unserer Webseite besteht die M\u00f6glichkeit einen kostenfreien Newsletter zu abonnieren. Sofern Sie nach Art. 6 Abs. 1 S. 1 lit. a DSGVO ausdr\u00fccklich eingewilligt haben, verwenden wir Ihre E-Mail-Adresse daf\u00fcr, Ihnen regelm\u00e4\u00dfig unseren Newsletter zu \u00fcbersenden. F\u00fcr den Empfang des Newsletters ist die Angabe einer E-Mail-Adresse ausreichend und wird ausschlie\u00dflich f\u00fcr den Versand des Newsletters verwendet. Die Abmeldung ist jederzeit m\u00f6glich, zum Beispiel \u00fcber einen Link am Ende eines jeden Newsletters. Alternativ k\u00f6nnen Sie Ihren Abmeldewunsch gerne auch jederzeit an die o.g. E-Mail Adresse senden.<\/div>\n<div><\/div>\n<div><\/div>\n<div><strong>3. Weitergabe von Daten<\/strong><\/div>\n<div>Eine \u00dcbermittlung Ihrer pers\u00f6nlichen Daten an Dritte zu anderen als den im Folgenden aufgef\u00fchrten Zwecken findet nicht statt.<\/div>\n<div>Wir geben Ihre pers\u00f6nlichen Daten nur an Dritte weiter, wenn:<\/div>\n<div><\/div>\n<div><\/div>\n<div>\u2022 Sie Ihre nach Art. 6 Abs. 1 S. 1 lit. a DSGVO ausdr\u00fcckliche Einwilligung dazu erteilt haben,<\/div>\n<div>\u2022 die Weitergabe nach Art. 6 Abs. 1 S. 1 lit. f DSGVO zur Geltendmachung, Aus\u00fcbung oder Verteidigung von Rechtsanspr\u00fcchen erforderlich ist und kein Grund zur Annahme besteht, dass Sie ein \u00fcberwiegendes schutzw\u00fcrdiges Interesse an der Nichtweitergabe Ihrer Daten haben,<\/div>\n<div>\u2022 f\u00fcr den Fall, dass f\u00fcr die Weitergabe nach Art. 6 Abs. 1 S. 1 lit. c DSGVO eine gesetzliche Verpflichtung besteht, sowie<\/div>\n<div>\u2022 dies gesetzlich zul\u00e4ssig und nach Art. 6 Abs. 1 S. 1 lit. b DSGVO f\u00fcr die Abwicklung von Vertragsverh\u00e4ltnissen mit Ihnen erforderlich ist.<\/div>\n<div><\/div>\n<div><\/div>\n<div><strong>4. Cookies<\/strong><\/div>\n<div>Wir setzen auf unserer Webseite Cookies ein. Hierbei handelt es sich um kleine Dateien, die Ihr Browser automatisch erstellt und die auf Ihrem Endger\u00e4t (Laptop, Tablet, Smartphone o.\u00e4.) gespeichert werden, wenn Sie unsere Webseite besuchen. Cookies richten auf Ihrem Endger\u00e4t keinen Schaden an, enthalten keine Viren, Trojaner oder sonstige Schadsoftware. In dem Cookie werden Informationen abgelegt, die sich jeweils im Zusammenhang mit dem spezifisch eingesetzten Endger\u00e4t ergeben. Dies bedeutet jedoch nicht, dass wir dadurch unmittelbar Kenntnis von Ihrer Identit\u00e4t erhalten.<\/div>\n<div>Der Einsatz von Cookies dient einerseits dazu, die Nutzung unseres Angebots f\u00fcr Sie angenehmer zu gestalten. So setzen wir sogenannte Session-Cookies ein, um zu erkennen, dass Sie einzelne Seiten unserer Website bereits besucht haben. Diese werden nach Verlassen unserer Seite automatisch gel\u00f6scht. Dar\u00fcber hinaus setzen wir ebenfalls zur Optimierung der Benutzerfreundlichkeit tempor\u00e4re Cookies ein, die f\u00fcr einen bestimmten festgelegten Zeitraum auf Ihrem Endger\u00e4t gespeichert werden. Besuchen Sie unsere Webseite erneut, um unsere Dienste in Anspruch zu nehmen, wird automatisch erkannt, dass Sie bereits bei uns waren und welche Eingaben und Einstellungen sie get\u00e4tigt haben, um diese nicht noch einmal eingeben zu m\u00fcssen.<\/div>\n<div>Zum anderen setzten wir Cookies ein, um die Nutzung unserer Webseite statistisch zu erfassen und zum Zwecke der Optimierung unseres Angebotes f\u00fcr Sie auszuwerten (siehe Ziff. 5). Diese Cookies erm\u00f6glichen es uns, bei einem erneuten Besuch unserer Seite automatisch zu erkennen, dass Sie bereits bei uns waren. Diese Cookies werden nach einer jeweils definierten Zeit automatisch gel\u00f6scht.<\/div>\n<div>Die durch Cookies verarbeiteten Daten sind f\u00fcr die genannten Zwecke zur Wahrung unserer berechtigten Interessen sowie der Dritter nach Art. 6 Abs. 1 S. 1 lit. f DSGVO erforderlich. Die meisten Browser akzeptieren Cookies automatisch. Sie k\u00f6nnen Ihren Browser jedoch so konfigurieren, dass keine Cookies auf Ihrem Computer gespeichert werden oder stets ein Hinweis erscheint, bevor ein neuer Cookie angelegt wird. Die vollst\u00e4ndige Deaktivierung von Cookies kann jedoch dazu f\u00fchren, dass Sie nicht alle Funktionen unserer Webseite nutzen k\u00f6nnen.<\/div>\n<div><\/div>\n<div><\/div>\n<div><strong>5. Analysetools<\/strong><\/div>\n<div>a) Tracking-Tools<\/div>\n<div>Die im Folgenden aufgef\u00fchrten und von uns eingesetzten Tracking-Ma\u00dfnahmen werden auf Grundlage des Art. 6 Abs. 1 S. 1 lit. f DSGVO durchgef\u00fchrt. Mit den zum Einsatz kommenden Tracking-Ma\u00dfnahmen wollen wir eine bedarfsgerechte Gestaltung und die fortlaufende Optimierung unserer Webseite sicherstellen. Zum anderen setzen wir die Tracking-Ma\u00dfnahmen ein, um die Nutzung unserer Webseite statistisch zu erfassen und zum Zwecke der Optimierung unseres Angebotes f\u00fcr Sie auszuwerten. Diese Interessen sind als berechtigt im Sinne der vorgenannten Vorschrift anzusehen. Die jeweiligen Datenverarbeitungszwecke und Datenkategorien sind aus den entsprechenden Tracking-Tools zu entnehmen.<\/div>\n<div><\/div>\n<div>b) Google Analytics<\/div>\n<div>Zum Zwecke der bedarfsgerechten Gestaltung und fortlaufenden Optimierung unserer Seiten nutzen wir Google Analytics, ein Webanalysedienst der Google Inc. (https:\/\/www.google.de\/intl\/de\/about\/) (1600 Amphitheatre Parkway, Mountain View, CA 94043, USA; im Folgenden \u201eGoogle\u201c). In diesem Zusammenhang werden pseudonymisierte Nutzungsprofile erstellt und Cookies (siehe unter Ziff. 4) verwendet. Die durch den Cookie erzeugten Informationen \u00fcber Ihre Benutzung unserer Webseite wie<\/div>\n<div><\/div>\n<div><\/div>\n<div>\u2022 Browser-Typ\/-Version,<\/div>\n<div>\u2022 verwendetes Betriebssystem,<\/div>\n<div>\u2022 Referrer-URL (die zuvor besuchte Seite),<\/div>\n<div>\u2022 Hostname des zugreifenden Rechners (IP-Adresse),<\/div>\n<div>\u2022 Uhrzeit der Serveranfrage,<\/div>\n<div><\/div>\n<div><\/div>\n<div>werden an einen Server von Google in den USA \u00fcbertragen und dort gespeichert. Die Informationen werden verwendet, um die Nutzung der Website auszuwerten, um Reports \u00fcber die Websiteaktivit\u00e4ten zusammenzustellen und um weitere mit der Websitenutzung und der Internetnutzung verbundene Dienstleistungen zu Zwecken der Marktforschung und bedarfsgerechten Gestaltung dieser Internetseiten zu erbringen. Auch werden diese Informationen gegebenenfalls<\/div>\n<div>an Dritte \u00fcbertragen, sofern dies gesetzlich vorgeschrieben ist oder soweit Dritte diese Daten im Auftrag verarbeiten. Es wird in keinem Fall Ihre IP-Adresse mit anderen Daten von Google zusammengef\u00fchrt. Die IP-Adressen werden anonymisiert, so dass eine Zuordnung nicht m\u00f6glich ist (IP-Masking).<\/div>\n<div><\/div>\n<div><\/div>\n<div>Sie k\u00f6nnen die Installation der Cookies durch eine entsprechende Einstellung der Browser-Software verhindern, wir weisen jedoch darauf hin, dass in diesem Fall gegebenenfalls nicht s\u00e4mtliche Funktionen dieser Website vollumf\u00e4nglich genutzt werden k\u00f6nnen. Sie k\u00f6nnen dar\u00fcber hinaus die Erfassung der durch das<\/div>\n<div>Cookie erzeugten und auf Ihre Nutzung der Website bezogenen Daten (inkl. Ihrer IP-Adresse) sowie die Verarbeitung dieser Daten durch Google verhindern, indem Sie ein Browser-Add-on herunterladen und installieren (https:\/\/tools.google.com\/dlpage\/gaoptout?hl=de).<\/div>\n<div><\/div>\n<div>Weitere Informationen zum Datenschutz im Zusammenhang mit Google Analytics finden Sie etwa in der GoogleAnalytics-Hilfe (https:\/\/support.google.com\/analytics\/answer\/6004245?hl=de ) Wir weisen Sie darauf hin, dass auf dieser Webseite Google Analytics erweitert wurde, um eine anonymisierte Erfassung von IP-Adressen zu gew\u00e4hrleisten.<\/div>\n<div><\/div>\n<div><\/div>\n<div><strong>6. Tools und Plugins<\/strong><\/div>\n<div>a) Google-Dienste<\/div>\n<div>Wir setzen auf unserer Webseite Komponenten von der Firma Google Inc., 1600 Amphitheatre Parkway, Mountain View, CA 94043 USA, nachfolgend \u201eGoogle\u201c, ein. Diese Komponenten sind &#8222;Google Maps&#8220;,\u201cGoogle reCAPTCHA\u201d und &#8222;Google Youtube&#8220;<\/div>\n<div>Bei jedem einzelnen Aufruf der Komponente &#8222;Google Maps&#8220;,\u201cGoogle reCAPTCHA\u201d und &#8222;Google Youtube&#8220; wird von Google ein Cookie gesetzt. Um bei der Anzeige der Seite, auf der die Komponente integriert ist, Nutzereinstellungen und -daten zu verarbeiten. Dieses Cookie wird im Regelfall nicht durch das Schlie\u00dfen des Browsers gel\u00f6scht, sondern l\u00e4uft nach einer bestimmten Zeit ab, soweit es nicht von Ihnen zuvor manuell gel\u00f6scht wird.<\/div>\n<div>Wenn Sie mit dieser Verarbeitung Ihrer Daten nicht einverstanden sind, so besteht die M\u00f6glichkeit, den Service von &#8222;Google&#8220; zu deaktivieren und auf diesem Weg die \u00dcbertragung von Daten an Google zu verhindern. Dazu m\u00fcssen Sie die Java-Script-Funktion in Ihrem Browser deaktivieren. Wir weisen Sie jedoch darauf hin, dass Sie in diesem Fall die &#8222;Google-Dienste&#8220; nicht oder nur eingeschr\u00e4nkt nutzen k\u00f6nnen.<\/div>\n<div>Die Datenverarbeitung erfolgt auf Grundlage von Art. 6 Abs. 1 lit. f DSGVO. Wir haben ein berechtigtes Interesse daran, unsere Webseite vor missbr\u00e4uchlicher automatisierter Aussp\u00e4hung und vor SPAM zu sch\u00fctzen. Desweiteren ist die erleichterte Auffindbarkeit der von uns auf der Webseite angegebenen Orte und die ansprechendere Darstellung unserer Webseite m\u00f6glich.<\/div>\n<div>Die Nutzung von &#8222;Google-Diensten&#8220; und deren erlangten Informationen erfolgt gem\u00e4\u00df den Google-Nutzungsbedingungen<\/div>\n<div>www.google.de\/intl\/de\/policies\/terms\/regional.html<\/div>\n<div>sowie der zus\u00e4tzlichen Gesch\u00e4ftsbedingungen f\u00fcr \u201eGoogle Maps\u201c und \u201eGoogle reCAPTCHA&#8220;<\/div>\n<div>https:\/\/www.google.com\/intl\/de_de\/help\/terms_maps.html<\/div>\n<div>https:\/\/www.google.com\/recaptcha\/intro\/android.html.<\/div>\n<div><\/div>\n<div><\/div>\n<div><strong>7. Betroffenenrechte<\/strong><\/div>\n<div>Sie haben das Recht:<\/div>\n<div>\u2022 gem\u00e4\u00df Art. 15 DSGVO Auskunft \u00fcber Ihre von uns verarbeiteten personenbezogenen Daten zu verlangen. Insbesondere k\u00f6nnen Sie Auskunft \u00fcber die Verarbeitungszwecke, die Kategorie der personenbezogenen Daten, die Kategorien von Empf\u00e4ngern, gegen\u00fcber denen Ihre Daten offengelegt wurden oder werden, die geplante Speicherdauer, das Bestehen eines Rechts auf Berichtigung, L\u00f6schung, Einschr\u00e4nkung der Verarbeitung oder Widerspruch, das Bestehen eines Beschwerderechts, die Herkunft ihrer Daten, sofern diese nicht bei uns erhoben wurden, sowie \u00fcber das Bestehen einer automatisierten Entscheidungsfindung einschlie\u00dflich Profiling und ggf. aussagekr\u00e4ftigen Informationen zu deren Einzelheiten verlangen;<\/div>\n<div>\u2022 gem\u00e4\u00df Art. 16 DSGVO unverz\u00fcglich die Berichtigung unrichtiger oder Vervollst\u00e4ndigung Ihrer bei uns gespeicherten personenbezogenen Daten zu verlangen;<\/div>\n<div>\u2022 gem\u00e4\u00df Art. 17 DSGVO die L\u00f6schung Ihrer bei uns gespeicherten personenbezogenen Daten zu verlangen, soweit nicht die Verarbeitung zur Aus\u00fcbung des Rechts auf freie Meinungs\u00e4u\u00dferung und Information, zur Erf\u00fcllung einer rechtlichen Verpflichtung, aus Gr\u00fcnden des \u00f6ffentlichen Interesses oder zur Geltendmachung; Aus\u00fcbung oder Verteidigung von Rechtsanspr\u00fcchen erforderlich ist.<\/div>\n<div>\u2022 gem\u00e4\u00df Art. 18 DSGVO die Einschr\u00e4nkung der Verarbeitung Ihrer personenbezogenen Daten zu verlangen, soweit die Richtigkeit der Daten von Ihnen bestritten wird, die Verarbeitung unrechtm\u00e4\u00dfig ist, Sie aber deren L\u00f6schung ablehnen und wir die Daten nicht mehr ben\u00f6tigen, Sie jedoch diese zur Geltendmachung, Aus\u00fcbung oder Verteidigung von Rechtsanspr\u00fcchen ben\u00f6tigen oder Sie gem\u00e4\u00df Art. 21 DSGVO Widerspruch gegen die Verarbeitung eingelegt haben;<\/div>\n<div>\u2022 gem\u00e4\u00df Art. 20 DSGVO Ihre personenbezogenen Daten, die Sie uns bereitgestellt haben, in einem strukturierten, g\u00e4ngigen und maschinenlesebaren Format zu erhalten oder die \u00dcbermittlung an einen anderen Verantwortlichen zu verlangen;<\/div>\n<div>\u2022 gem\u00e4\u00df Art. 7 Abs. 3 DSGVO Ihre einmal erteilte Einwilligung jederzeit gegen\u00fcber uns zu widerrufen. Dies hat zur Folge, dass wir die Datenverarbeitung, die auf dieser Einwilligung beruhte, f\u00fcr die Zukunft nicht mehr fortf\u00fchren d\u00fcrfen und<\/div>\n<div>\u2022 gem\u00e4\u00df Art. 77 DSGVO sich bei einer Aufsichtsbeh\u00f6rde zu beschweren. In der Regel k\u00f6nnen Sie sich hierf\u00fcr an die Aufsichtsbeh\u00f6rde Ihres \u00fcblichen Aufenthaltsortes oder Arbeitsplatzes oder unseres Kanzleisitzes wenden.<\/div>\n<div><\/div>\n<div><\/div>\n<div><strong>8. Widerspruchsrecht<\/strong><\/div>\n<div>Sofern Ihre personenbezogenen Daten auf Grundlage von berechtigten Interessen gem\u00e4\u00df Art. 6 Abs. 1 S. 1 lit. f DSGVO verarbeitet werden, haben Sie das Recht, gem\u00e4\u00df Art. 21 DSGVO Widerspruch gegen die Verarbeitung Ihrer personenbezogenen Daten einzulegen, soweit daf\u00fcr Gr\u00fcnde vorliegen, die sich aus Ihrer besonderen Situation ergeben oder sich der Widerspruch gegen Direktwerbung richtet. Im letzteren Fall haben Sie ein generelles Widerspruchsrecht, das ohne Angabe einer besonderen Situation von uns umgesetzt wird. M\u00f6chten Sie von Ihrem Widerrufs- oder Widerspruchsrecht Gebrauch machen, gen\u00fcgt eine E-Mail an die o.g. E-Mail Adresse.<\/div>\n<div><\/div>\n<div><strong>9. Verweise auf externe Seiten<\/strong><\/div>\n<div>Die Website von hz kann Verkn\u00fcpfungen zu anderen Sites enthalten. Obwohl ich bem\u00fche, nur Verkn\u00fcpfungen zu Sites herzustellen, die den datenschutzrechtlichen Bestimmungen Rechnung tragen, bin ich nicht f\u00fcr den Inhalt oder die Datenschutzpraktiken verantwortlich, die von anderen Sites angewendet werden.<\/div>\n<div><\/div>\n<div><strong>10. Datensicherheit<\/strong><\/div>\n<div>Wir verwenden innerhalb dieser Webseite das verbreitete SSL-Verfahren (Secure Socket Layer) um die Inhalte verschl\u00fcsselt zu \u00fcbertragen. Dieses Verfahren erkennen Sie an der geschlossenen Darstellung des Sch\u00fcssel- beziehungsweise Schloss-Symbols in der Adressleiste Ihres Browsers. Dieses Verfahren bewirkt, dass Ihre Daten gegen zuf\u00e4llige oder vors\u00e4tzliche Manipulationen, teilweisen oder vollst\u00e4ndigen Verlust, Zerst\u00f6rung oder gegen den unbefugten Zugriff Dritter zu sch\u00fctzen. Unsere Sicherheitsma\u00dfnahmen werden entsprechend der technologischen Entwicklung fortlaufend verbessert.<\/div>\n<\/div>\n<div><\/div>\n<div>\n<div><strong>11. Aktualit\u00e4t und \u00c4nderung dieser Datenschutzerkl\u00e4rung<\/strong><\/div>\n<div>Diese Datenschutzerkl\u00e4rung ist aktuell g\u00fcltig und hat den Stand Mai 2022. Sie kann jederzeit auf unserer Webseite unter https:\/\/heilpraktikerin-kernen.de von Ihnen abgerufen und ausgedruckt werden.<\/div>\n<div>Durch die Weiterentwicklung unserer Website und Angebote dar\u00fcber oder aufgrund ge\u00e4nderter gesetzlicher beziehungsweise beh\u00f6rdlicher Vorgaben kann es notwendig werden, diese Datenschutzerkl\u00e4rung zu \u00e4ndern.<\/div>\n<\/div>\n","protected":false},"excerpt":{"rendered":"<p>Die Naturheilpraxis Susann Wilitzki verpflichtet sich zur Einhaltung der Datenschutz-Grundverordnung (EU-DSGVO) Bestimmungen. 1. Name und Kontaktdaten des f\u00fcr die Verarbeitung Verantwortlichen sowie des betrieblichen Datenschutzbeauftragten Diese Datenschutz-Information gilt f\u00fcr die Datenverarbeitung durch: Naturheilpraxis Heilpraktikerin Susann Wilitzki Wiesbadener Str. 55\u00a0\u00a0 01159 Dresden Telefon: +49-351-82611455E-Mail: H&#80;&#45;&#x57;&#x69;&#x6c;it&#122;&#107;&#x69;&#x40;&#x67;m&#120;&#46;&#100;&#x65; Internet: https:\/\/heilpraktiker-dresden.care 2. Erhebung und Speicherung personenbezogener Daten sowie Art und&hellip;&nbsp;<a href=\"https:\/\/heilpraktiker-dresden.care\/?page_id=522\" class=\"\" rel=\"bookmark\">Weiterlesen &raquo;<span class=\"screen-reader-text\">Datenschutz<\/span><\/a><\/p>\n","protected":false},"author":2,"featured_media":0,"parent":0,"menu_order":0,"comment_status":"closed","ping_status":"closed","template":"","meta":{"neve_meta_sidebar":"","neve_meta_container":"","neve_meta_enable_content_width":"","neve_meta_content_width":0,"neve_meta_title_alignment":"","neve_meta_author_avatar":"","neve_post_elements_order":"","neve_meta_disable_header":"","neve_meta_disable_footer":"","neve_meta_disable_title":"","_ti_tpc_template_sync":false,"_ti_tpc_template_id":"","footnotes":""},"class_list":["post-522","page","type-page","status-publish","hentry"],"_links":{"self":[{"href":"https:\/\/heilpraktiker-dresden.care\/index.php?rest_route=\/wp\/v2\/pages\/522","targetHints":{"allow":["GET"]}}],"collection":[{"href":"https:\/\/heilpraktiker-dresden.care\/index.php?rest_route=\/wp\/v2\/pages"}],"about":[{"href":"https:\/\/heilpraktiker-dresden.care\/index.php?rest_route=\/wp\/v2\/types\/page"}],"author":[{"embeddable":true,"href":"https:\/\/heilpraktiker-dresden.care\/index.php?rest_route=\/wp\/v2\/users\/2"}],"replies":[{"embeddable":true,"href":"https:\/\/heilpraktiker-dresden.care\/index.php?rest_route=%2Fwp%2Fv2%2Fcomments&post=522"}],"version-history":[{"count":4,"href":"https:\/\/heilpraktiker-dresden.care\/index.php?rest_route=\/wp\/v2\/pages\/522\/revisions"}],"predecessor-version":[{"id":642,"href":"https:\/\/heilpraktiker-dresden.care\/index.php?rest_route=\/wp\/v2\/pages\/522\/revisions\/642"}],"wp:attachment":[{"href":"https:\/\/heilpraktiker-dresden.care\/index.php?rest_route=%2Fwp%2Fv2%2Fmedia&parent=522"}],"curies":[{"name":"wp","href":"https:\/\/api.w.org\/{rel}","templated":true}]}}